{"id":10092,"date":"2023-12-12T09:48:43","date_gmt":"2023-12-12T09:48:43","guid":{"rendered":"http:\/\/58.147.173.147\/protectionone\/?post_type=product&#038;p=10092"},"modified":"2024-04-02T16:49:19","modified_gmt":"2024-04-02T10:49:19","slug":"sd2a500hb-gn-aw-pv-s2","status":"publish","type":"product","link":"https:\/\/protectionone.com.bd\/shop\/product\/sd2a500hb-gn-aw-pv-s2\/","title":{"rendered":"Dahua Camera SD2A500HB-GN-AW-PV-S2 5MP Full-color Network PTZ"},"content":{"rendered":"<section id=\"specification\" class=\"specification-tab m-tb-10\">\n<div class=\"section-head\">\n<h2>Specification<\/h2>\n<\/div>\n<table class=\"data-table flex-table\" cellspacing=\"0\" cellpadding=\"0\">\n<colgroup>\n<col class=\"name\" \/>\n<col class=\"value\" \/><\/colgroup>\n<thead>\n<tr>\n<td class=\"heading-row\" colspan=\"3\">General<\/td>\n<\/tr>\n<\/thead>\n<tbody>\n<tr>\n<td class=\"name\">Dimensions<\/td>\n<td class=\"value\">140.5 mm \u00d7 \u03a6111.0 mm (5.53&#8243; \u00d7 \u03a64.45&#8243;)<\/td>\n<\/tr>\n<tr>\n<td class=\"name\">Weight<\/td>\n<td class=\"value\">0.5 kg (1.10 lb)<\/td>\n<\/tr>\n<tr>\n<td class=\"name\">Pan\/Tilt\/Rotation<\/td>\n<td class=\"value\">Pan: 0\u00b0\u2013345\u00b0<br \/>\nTilt: 0\u00b0\u201380\u00b0Control Speed:<br \/>\nPan: 0.1\u00b0\u201374\u00b0\/s<br \/>\nTilt: 0.1\u00b0\u201336.4\u00b0\/sPreset Speed:<br \/>\nPan: 62\u00b0\/s<br \/>\nTilt: 36.3\u00b0\/s<\/td>\n<\/tr>\n<tr>\n<td class=\"name\">Operating Conditions<\/td>\n<td class=\"value\">\u201330 \u00b0C to +55 \u00b0C (\u201322 \u00b0F to +131 \u00b0F)<\/td>\n<\/tr>\n<tr>\n<td class=\"name\">Storage Conditions<\/td>\n<td class=\"value\">\u2264 95%<\/td>\n<\/tr>\n<tr>\n<td class=\"name\">Power Supply<\/td>\n<td class=\"value\">12 VDC\/1.5 A \u00b1 10%<\/td>\n<\/tr>\n<tr>\n<td class=\"name\">Power Consumption<\/td>\n<td class=\"value\">Basic: 4 W<br \/>\nMax.: 12.95 W (illuminator + PT + speaker + heating glass)<\/td>\n<\/tr>\n<\/tbody>\n<thead>\n<tr>\n<td class=\"heading-row\" colspan=\"3\">Camera<\/td>\n<\/tr>\n<\/thead>\n<tbody>\n<tr>\n<td class=\"name\">Image Sensor<\/td>\n<td class=\"value\">1\/2.8&#8243; 5 Megapixel STARVIS CMOS.<\/td>\n<\/tr>\n<tr>\n<td class=\"name\">Effective Pixels<\/td>\n<td class=\"value\">2560 (H) \u00d7 1920 (V), 5MP<\/td>\n<\/tr>\n<tr>\n<td class=\"name\">Scanning System<\/td>\n<td class=\"value\">Progressive<\/td>\n<\/tr>\n<tr>\n<td class=\"name\">Electronic Shutter Speed<\/td>\n<td class=\"value\">1\/3 s\u20131\/100,000 s<\/td>\n<\/tr>\n<tr>\n<td class=\"name\">Minimum Illumination<\/td>\n<td class=\"value\">0.02Lux\/F1.9, 30IRE, 0Lux IR on<\/td>\n<\/tr>\n<tr>\n<td class=\"name\">S\/N Ratio<\/td>\n<td class=\"value\">\u2265 55 dB<\/td>\n<\/tr>\n<tr>\n<td class=\"name\">IR Distance<\/td>\n<td class=\"value\">30 m (98.42 ft) (IR)<br \/>\n30 m (98.42 ft) (white light)<\/td>\n<\/tr>\n<tr>\n<td class=\"name\">IR On\/Off Control<\/td>\n<td class=\"value\">Manual; auto; off<\/td>\n<\/tr>\n<tr>\n<td class=\"name\">IR LEDs<\/td>\n<td class=\"value\">2 (IR light)<br \/>\n2 (White light)<\/td>\n<\/tr>\n<\/tbody>\n<thead>\n<tr>\n<td class=\"heading-row\" colspan=\"3\">Lens<\/td>\n<\/tr>\n<\/thead>\n<tbody>\n<tr>\n<td class=\"name\">Focal Length<\/td>\n<td class=\"value\">4 mm<\/td>\n<\/tr>\n<tr>\n<td class=\"name\">Max Aperture<\/td>\n<td class=\"value\">F1.6<\/td>\n<\/tr>\n<tr>\n<td class=\"name\">Angle of View<\/td>\n<td class=\"value\">H: 80.4\u00b0<br \/>\nV: 58.1\u00b0<br \/>\nD: 104.8\u00b0<\/td>\n<\/tr>\n<tr>\n<td class=\"name\">Close Focus Distance<\/td>\n<td class=\"value\">0.3 m (0.98 ft)<\/td>\n<\/tr>\n<\/tbody>\n<thead>\n<tr>\n<td class=\"heading-row\" colspan=\"3\">Video<\/td>\n<\/tr>\n<\/thead>\n<tbody>\n<tr>\n<td class=\"name\">Resolution<\/td>\n<td class=\"value\">5M (2560 \u00d7 1920); 4M (2560 \u00d7 1440); 1080P (1920 \u00d7 1080); 960P(1280&#215;960); 720P (1280 \u00d7 720); D1 (704 \u00d7 576\/704 \u00d7 480); CIF (352 \u00d7 288\/352 \u00d7 240)<\/td>\n<\/tr>\n<tr>\n<td class=\"name\">Frame Rate<\/td>\n<td class=\"value\">Main stream: 5M(1\u201320 fps),4M\/1080p\/1.3M\/720p (1\u201325\/30 fps)<br \/>\nSub stream: D1\/CIF (1\u201325\/30 fps)<\/td>\n<\/tr>\n<tr>\n<td class=\"name\">Video Output<\/td>\n<td class=\"value\">H.264B;Smart H.265+;H.264;H.265;MJPEG(Sub Stream);Smart H.264+<\/td>\n<\/tr>\n<tr>\n<td class=\"name\">Day\/Night<\/td>\n<td class=\"value\">Auto (ICR)\/Color\/B\/W<\/td>\n<\/tr>\n<tr>\n<td class=\"name\">BLC Mode<\/td>\n<td class=\"value\">Yes<\/td>\n<\/tr>\n<tr>\n<td class=\"name\">Gain Control<\/td>\n<td class=\"value\">Auto; manual<\/td>\n<\/tr>\n<tr>\n<td class=\"name\">Noise Reduction<\/td>\n<td class=\"value\">2D NR; 3D NR<\/td>\n<\/tr>\n<\/tbody>\n<thead>\n<tr>\n<td class=\"heading-row\" colspan=\"3\">Special Features<\/td>\n<\/tr>\n<\/thead>\n<tbody>\n<tr>\n<td class=\"name\">Features<\/td>\n<td class=\"value\">Smart IR<br \/>\nElectronic Defog<br \/>\nFixed iris<br \/>\nDWDR<br \/>\n1x RJ-45 (10\/100 Base-T)<br \/>\nWi-Fi\u2013Wireless Standard: 802.11n; IEEE802.11b; 802.11g<br \/>\nWi-Fi\u2013Wireless Frequency Range: 2.4 GHz<br \/>\nWi-Fi\u2013Wireless Transmission Rate: 150 Mbps<\/td>\n<\/tr>\n<\/tbody>\n<thead>\n<tr>\n<td class=\"heading-row\" colspan=\"3\">Warranty<\/td>\n<\/tr>\n<\/thead>\n<tbody>\n<tr>\n<td class=\"name\">Warranty<\/td>\n<td class=\"value\">1-Year<\/td>\n<\/tr>\n<\/tbody>\n<\/table>\n<\/section>\n<section id=\"description\" class=\"description bg-white m-tb-15\">\n<div class=\"section-head\">\n<h2>Description<\/h2>\n<\/div>\n<div class=\"full-description\">\n<h3>Dahua Camera SD2A500HB-GN-AW-PV-S2 5MP Full-color Network PTZ<\/h3>\n<div class=\"flex-1 overflow-hidden\">\n<div class=\"react-scroll-to-bottom--css-ulxra-79elbk h-full\">\n<div class=\"react-scroll-to-bottom--css-ulxra-1n7m0yu\">\n<div>\n<div class=\"flex flex-col text-sm pb-9\">\n<div class=\"w-full text-token-text-primary\" data-testid=\"conversation-turn-11\">\n<div class=\"px-4 py-2 justify-center text-base md:gap-6 m-auto\">\n<div class=\"flex flex-1 text-base mx-auto gap-3 md:px-5 lg:px-1 xl:px-5 md:max-w-3xl lg:max-w-[40rem] xl:max-w-[48rem] group final-completion\">\n<div class=\"relative flex w-full flex-col agent-turn\">\n<div class=\"flex-col gap-1 md:gap-3\">\n<div class=\"flex flex-grow flex-col max-w-full\">\n<div class=\"min-h-[20px] text-message flex flex-col items-start gap-3 whitespace-pre-wrap break-words [.text-message+&amp;]:mt-5 overflow-x-auto\" data-message-author-role=\"assistant\" data-message-id=\"38c87e11-27ab-4b8a-bd93-8cca64c118d9\">\n<div class=\"markdown prose w-full break-words dark:prose-invert light\">\n<p>The Dahua SD2A500HB-GN-AW-PV-S2 5MP Full-color Network PTZ Camera offers a comprehensive set of features for effective video surveillance. Here&#8217;s a breakdown of its key specifications:<\/p>\n<ol>\n<li><strong>Resolution and Sensor<\/strong>: Equipped with a 1\/2.8-inch, 2-megapixel CMOS image sensor, it captures high-quality images at 1080p resolution, ensuring clear and detailed video footage.<\/li>\n<li><strong>Frame Rate<\/strong>: Supports a frame rate of 25\/30 frames per second, providing smooth video playback.<\/li>\n<li><strong>Video Compression<\/strong>: Utilizes H.265 encoding to reduce bandwidth and storage consumption while maintaining video quality.<\/li>\n<li><strong>Human Detection<\/strong>: Features a human detection function for identifying and tracking human targets in the video scene, triggering alarms or actions accordingly.<\/li>\n<li><strong>Tripwire and Intrusion Detection<\/strong>: Supports tripwire and intrusion functions, alerting users when predefined virtual lines or areas are crossed.<\/li>\n<li><strong>Two-Way Talk<\/strong>: Allows communication with people in the video scene through the built-in microphone and speaker.<\/li>\n<li><strong>Sound and Light Alarm<\/strong>: Features a sound and light alarm function with a loud siren and flashing light to deter intruders or attract attention.<\/li>\n<li><strong>IR Mode and White-light Mode<\/strong>: Offers IR mode for illuminating up to 80 meters in low-light or dark conditions, as well as white-light mode for full-color images at night.<\/li>\n<li><strong>PTZ Functionality<\/strong>: Includes pan-tilt-zoom functionality for remote control of camera movement and zoom via the web interface or mobile app. It has a pan range of 0\u00b0 to 360\u00b0, tilt range of -15\u00b0 to 90\u00b0, and 4x optical zoom.<\/li>\n<li><strong>Preset Positions and Patrol Routes<\/strong>: Supports preset positions and patrol routes for monitoring multiple areas efficiently with one camera.<\/li>\n<li><strong>Power over Ethernet (PoE)<\/strong>: Features PoE function for powering the camera via Ethernet cable, eliminating the need for an additional power supply.<\/li>\n<li><strong>Weatherproof Design<\/strong>: With an IP66 rating, the camera is dustproof and waterproof, capable of withstanding harsh weather conditions.<\/li>\n<\/ol>\n<p>Overall, the Dahua SD2A500HB-GN-AW-PV-S2 Full-color Network PTZ Camera offers a versatile and reliable solution for various surveillance applications, providing advanced features for enhanced security and efficiency.<\/p>\n<\/div>\n<\/div>\n<\/div>\n<div class=\"mt-1 flex justify-start gap-3 empty:hidden\">\n<div class=\"text-gray-400 flex self-end lg:self-center items-center justify-center lg:justify-start mt-0 -ml-1 h-7 gap-[2px] visible\"><\/div>\n<\/div>\n<\/div>\n<\/div>\n<\/div>\n<\/div>\n<\/div>\n<\/div>\n<\/div>\n<\/div>\n<\/div>\n<\/div>\n<h3>Buy Dahua SD2A500HB-GN-AW-PV-S2 5MP Network PTZ Camera from Protection One<\/h3>\n<p>In Bangladesh, you can get original\u00a0<strong>Dahua SD2A500HB-GN-AW-PV-S2 5MP Full-color Network PTZ Camera<\/strong> From protection one. We have a large collection of latest Dahua PTZ Camera to purchase for Security. Order Online Or Visit your Nearest\u00a0Shop to get yours at lowest price. The Dahua SD2A500HB-GN-AW-PV-S2 5MP Full-color Network PTZ Camera comes with 1-Year warranty.<\/p>\n<\/div>\n<\/section>\n","protected":false},"excerpt":{"rendered":"<ul>\n<li>Model: SD2A500HB-GN-AW-PV-S2<\/li>\n<li>Image Sensor: 1\/2.8&#8243; 5 Megapixel STARVIS CMOS<\/li>\n<li>Resolution: 5 MP (2560 \u00d7 1920 pixels)<\/li>\n<li>View Mode: IR and white light<\/li>\n<li>Features: Two-way talk, Wi-Fi, IP66<\/li>\n<\/ul>\n","protected":false},"featured_media":12090,"comment_status":"open","ping_status":"closed","template":"","meta":[],"product_brand":[],"product_cat":[681,135],"product_tag":[686,685],"class_list":{"0":"post-10092","1":"product","2":"type-product","3":"status-publish","4":"has-post-thumbnail","6":"product_cat-dahua-ptz-camera","7":"product_cat-ptz-camera","8":"product_tag-dahua-camera-sd2a500hb-gn-aw-pv-s2-5mp-full-color-network-ptz","9":"product_tag-sd2a500hb-gn-aw-pv-s2","11":"first","12":"instock","13":"taxable","14":"shipping-taxable","15":"product-type-simple"},"_links":{"self":[{"href":"https:\/\/protectionone.com.bd\/shop\/wp-json\/wp\/v2\/product\/10092","targetHints":{"allow":["GET"]}}],"collection":[{"href":"https:\/\/protectionone.com.bd\/shop\/wp-json\/wp\/v2\/product"}],"about":[{"href":"https:\/\/protectionone.com.bd\/shop\/wp-json\/wp\/v2\/types\/product"}],"replies":[{"embeddable":true,"href":"https:\/\/protectionone.com.bd\/shop\/wp-json\/wp\/v2\/comments?post=10092"}],"version-history":[{"count":0,"href":"https:\/\/protectionone.com.bd\/shop\/wp-json\/wp\/v2\/product\/10092\/revisions"}],"wp:featuredmedia":[{"embeddable":true,"href":"https:\/\/protectionone.com.bd\/shop\/wp-json\/wp\/v2\/media\/12090"}],"wp:attachment":[{"href":"https:\/\/protectionone.com.bd\/shop\/wp-json\/wp\/v2\/media?parent=10092"}],"wp:term":[{"taxonomy":"product_brand","embeddable":true,"href":"https:\/\/protectionone.com.bd\/shop\/wp-json\/wp\/v2\/product_brand?post=10092"},{"taxonomy":"product_cat","embeddable":true,"href":"https:\/\/protectionone.com.bd\/shop\/wp-json\/wp\/v2\/product_cat?post=10092"},{"taxonomy":"product_tag","embeddable":true,"href":"https:\/\/protectionone.com.bd\/shop\/wp-json\/wp\/v2\/product_tag?post=10092"}],"curies":[{"name":"wp","href":"https:\/\/api.w.org\/{rel}","templated":true}]}}