{"id":11414,"date":"2024-01-18T16:30:59","date_gmt":"2024-01-18T10:30:59","guid":{"rendered":"https:\/\/protectionone.com.bd\/shop\/?post_type=product&#038;p=11414"},"modified":"2025-11-09T11:12:58","modified_gmt":"2025-11-09T05:12:58","slug":"ds-2cd1723g0-iz","status":"publish","type":"product","link":"https:\/\/protectionone.com.bd\/shop\/product\/ds-2cd1723g0-iz\/","title":{"rendered":"DS-2CD1723G0-I(Z) 2 MP Varifocal Dome Network Camera"},"content":{"rendered":"<h2>Hikvision <span style=\"color: #ff0000;\"><a style=\"color: #ff0000;\" href=\"https:\/\/protectionone.com.bd\/shop\/product\/ds-2cd1723g0-iz\/\">DS-2CD1723G0-I(Z)<\/a><\/span> 2 MP Varifocal Dome Network Camera<\/h2>\n<p>Camera Specifications<\/p>\n<table class=\"camera-specs-table\" border=\"1\" cellspacing=\"0\" cellpadding=\"6\">\n<tbody>\n<tr>\n<th colspan=\"2\">Camera<\/th>\n<\/tr>\n<tr>\n<td>Image Sensor<\/td>\n<td>1\/2.7&#8243; Progressive Scan CMOS<\/td>\n<\/tr>\n<tr>\n<td>Max. Resolution<\/td>\n<td>1920 \u00d7 1080<\/td>\n<\/tr>\n<tr>\n<td>Min. Illumination<\/td>\n<td>Color: 0.005 Lux @(F1.6, AGC ON), B\/W: 0 Lux with IR<\/td>\n<\/tr>\n<tr>\n<td>Shutter Speed<\/td>\n<td>1\/3 s to 1\/100,000 s<\/td>\n<\/tr>\n<tr>\n<td>Wide Dynamic Range<\/td>\n<td>Digital WDR<\/td>\n<\/tr>\n<tr>\n<td>Day &amp; Night<\/td>\n<td>IR Cut Filter<\/td>\n<\/tr>\n<tr>\n<td>Angle Adjustment<\/td>\n<td>Pan: 0\u00b0\u2013355\u00b0, Tilt: 0\u00b0\u201370\u00b0, Rotation: 0\u00b0\u2013355\u00b0<\/td>\n<\/tr>\n<tr>\n<th colspan=\"2\">Lens<\/th>\n<\/tr>\n<tr>\n<td>Lens Type<\/td>\n<td>Varifocal, motorized lens, 2.8\u201312 mm<\/td>\n<\/tr>\n<tr>\n<td>Focal Length &amp; FOV<\/td>\n<td>2.8\u201312 mm: Horizontal FOV 96\u00b0\u201336\u00b0, Vertical FOV 51\u00b0\u201320\u00b0, Diagonal FOV 113\u00b0\u201342\u00b0<\/td>\n<\/tr>\n<tr>\n<td>Lens Mount<\/td>\n<td>\u00d814<\/td>\n<\/tr>\n<tr>\n<td>Iris Type<\/td>\n<td>Fixed<\/td>\n<\/tr>\n<tr>\n<td>Aperture<\/td>\n<td>F1.6<\/td>\n<\/tr>\n<tr>\n<th colspan=\"2\">Illuminator<\/th>\n<\/tr>\n<tr>\n<td>IR Wavelength<\/td>\n<td>850 nm<\/td>\n<\/tr>\n<tr>\n<td>IR Range<\/td>\n<td>Up to 30 m<\/td>\n<\/tr>\n<tr>\n<th colspan=\"2\">Video<\/th>\n<\/tr>\n<tr>\n<td>Main Stream<\/td>\n<td>50 Hz: 25 fps (1920\u00d71080, 1280\u00d7720); 60 Hz: 30 fps (1920\u00d71080, 1280\u00d7720)<\/td>\n<\/tr>\n<tr>\n<td>Sub Stream<\/td>\n<td>50 Hz: 25 fps (640\u00d7480, 640\u00d7360); 60 Hz: 30 fps (640\u00d7480, 640\u00d7360)<\/td>\n<\/tr>\n<tr>\n<td>Video Compression<\/td>\n<td>Main: H.265+\/H.265\/H.264+\/H.264; Sub: H.265\/H.264\/MJPEG<\/td>\n<\/tr>\n<tr>\n<td>Video Bit Rate<\/td>\n<td>32 Kbps to 8 Mbps<\/td>\n<\/tr>\n<tr>\n<td>H.264 Type<\/td>\n<td>Baseline\/Main\/High Profile<\/td>\n<\/tr>\n<tr>\n<td>H.265 Type<\/td>\n<td>Main Profile<\/td>\n<\/tr>\n<tr>\n<td>ROI (Region of Interest)<\/td>\n<td>1 fixed region for main stream<\/td>\n<\/tr>\n<tr>\n<th colspan=\"2\">Audio<\/th>\n<\/tr>\n<tr>\n<td>Audio Compression<\/td>\n<td>G.711ulaw, G.711alaw, G.722.1, G.726, MP2L2, PCM, AAC<\/td>\n<\/tr>\n<tr>\n<td>Audio Bit Rate<\/td>\n<td>64 Kbps (G.711), 16 Kbps (G.722.1\/G.726), 32\u2013160 Kbps (MP2L2), 16\u201364 Kbps (AAC)<\/td>\n<\/tr>\n<tr>\n<td>Audio Sampling Rate<\/td>\n<td>8 kHz \/ 16 kHz<\/td>\n<\/tr>\n<tr>\n<td>Environment Noise Filtering<\/td>\n<td>Yes<\/td>\n<\/tr>\n<tr>\n<th colspan=\"2\">Network<\/th>\n<\/tr>\n<tr>\n<td>Protocols<\/td>\n<td>TCP\/IP, HTTP, HTTPS, FTP, DHCP, DNS, DDNS, RTP, RTSP, NTP, UPnP\u2122, SMTP, IGMP, QoS, IPv6, Bonjour, IPv4, UDP, SSL\/TLS<\/td>\n<\/tr>\n<tr>\n<td>Simultaneous Live View<\/td>\n<td>Up to 6 channels<\/td>\n<\/tr>\n<tr>\n<td>API<\/td>\n<td>Open Network Video Interface, ISAPI<\/td>\n<\/tr>\n<tr>\n<td>Users<\/td>\n<td>Up to 32 (Administrator \/ Operator \/ User)<\/td>\n<\/tr>\n<tr>\n<td>Client<\/td>\n<td>iVMS-4200, Hik-Connect<\/td>\n<\/tr>\n<tr>\n<td>Web Browser<\/td>\n<td>IE 10+, Chrome 57+, Firefox 52+<\/td>\n<\/tr>\n<tr>\n<th colspan=\"2\">Image<\/th>\n<\/tr>\n<tr>\n<td>Settings<\/td>\n<td>Saturation, brightness, contrast, sharpness, AGC, white balance<\/td>\n<\/tr>\n<tr>\n<td>Day\/Night Switch<\/td>\n<td>Auto, Schedule, Day, Night<\/td>\n<\/tr>\n<tr>\n<td>Enhancement<\/td>\n<td>BLC, 3D DNR<\/td>\n<\/tr>\n<tr>\n<th colspan=\"2\">Interface<\/th>\n<\/tr>\n<tr>\n<td>Ethernet Interface<\/td>\n<td>1\u00d7 RJ45 10M\/100M self-adaptive Ethernet port<\/td>\n<\/tr>\n<tr>\n<td>On-board Storage<\/td>\n<td>MicroSD card slot (up to 256 GB)<\/td>\n<\/tr>\n<tr>\n<td>Audio I\/O<\/td>\n<td>1 input (line in), 1 output (line out), mono sound<\/td>\n<\/tr>\n<tr>\n<td>Alarm I\/O<\/td>\n<td>1 input, 1 output (max. 12 VDC, 30 mA)<\/td>\n<\/tr>\n<tr>\n<td>Reset Key<\/td>\n<td>Yes<\/td>\n<\/tr>\n<tr>\n<th colspan=\"2\">Event<\/th>\n<\/tr>\n<tr>\n<td>Basic Event<\/td>\n<td>Motion detection, video tampering, exception<\/td>\n<\/tr>\n<tr>\n<td>Linkage<\/td>\n<td>FTP upload, email notification, trigger recording\/capture\/alarm output<\/td>\n<\/tr>\n<tr>\n<th colspan=\"2\">General<\/th>\n<\/tr>\n<tr>\n<td>Power<\/td>\n<td>12 VDC \u00b125% (0.8 A, max 10 W) \/ PoE (802.3af, Class 3, max 11.5 W)<\/td>\n<\/tr>\n<tr>\n<td>Camera Dimension<\/td>\n<td>\u00d8141 \u00d7 99.9 mm (5.6&#8243; \u00d7 3.9&#8243;)<\/td>\n<\/tr>\n<tr>\n<td>Package Dimension<\/td>\n<td>140 \u00d7 140 \u00d7 154 mm (5.5&#8243; \u00d7 5.5&#8243; \u00d7 6.1&#8243;)<\/td>\n<\/tr>\n<tr>\n<td>Weight<\/td>\n<td>Camera: 820 g (1.8 lb) \/ With Package: 1200 g (2.6 lb)<\/td>\n<\/tr>\n<tr>\n<td>Storage Conditions<\/td>\n<td>-30\u00b0C to +60\u00b0C (-22\u00b0F to +140\u00b0F), \u226495% RH (non-condensing)<\/td>\n<\/tr>\n<tr>\n<td>Operating Conditions<\/td>\n<td>-30\u00b0C to +60\u00b0C (-22\u00b0F to +140\u00b0F), \u226495% RH (non-condensing)<\/td>\n<\/tr>\n<tr>\n<td>Languages<\/td>\n<td>English, Ukrainian<\/td>\n<\/tr>\n<tr>\n<td>General Functions<\/td>\n<td>Anti-flicker, heartbeat, mirror, password protection, privacy mask, watermark, IP filter<\/td>\n<\/tr>\n<tr>\n<th colspan=\"2\">Certifications &amp; Approvals<\/th>\n<\/tr>\n<tr>\n<td>EMC<\/td>\n<td>FCC SDoC, CE-EMC, RCM, IC VoC, KC<\/td>\n<\/tr>\n<tr>\n<td>Safety<\/td>\n<td>UL, CB, CE-LVD, BIS<\/td>\n<\/tr>\n<tr>\n<td>Environment<\/td>\n<td>CE-RoHS, WEEE, REACH<\/td>\n<\/tr>\n<tr>\n<td>Other<\/td>\n<td>IP67 (IEC 60529-2013), IK10 (IEC 62262:2002)<\/td>\n<\/tr>\n<tr>\n<td>Warranty<\/td>\n<td>1 Year<\/td>\n<\/tr>\n<\/tbody>\n<\/table>\n","protected":false},"excerpt":{"rendered":"<ul class=\"product_description_item-list\">\n<li>Model: DS-2CD1723G0-I(Z)<\/li>\n<li class=\"product_description_item\">2 MP resolution with Efficient H.265+ Compression<\/li>\n<li class=\"product_description_item\">Up to 256 GB SD card slot for storage<\/li>\n<li class=\"product_description_item\">2.8 to 12 mm motorized varifocal lens<\/li>\n<li class=\"product_description_item\">Water and dust resistant (IP67)<\/li>\n<\/ul>\n","protected":false},"featured_media":12014,"comment_status":"open","ping_status":"closed","template":"","meta":[],"product_brand":[],"product_cat":[263,133],"product_tag":[594,593,591,627,632,592],"class_list":{"0":"post-11414","1":"product","2":"type-product","3":"status-publish","4":"has-post-thumbnail","6":"product_cat-hikvision-ip-camera","7":"product_cat-ip-camera","8":"product_tag-2-8-to-12-mm-motorized-varifocal-lens-for-easy-installation-and-monitoring","9":"product_tag-256-gb-sd-card-slot-for-storage","10":"product_tag-ds-2cd1723g0-iz","11":"product_tag-ds-2cd1723g0-iz-bd-price","12":"product_tag-hikvision-ds-2cd1723g0-iz-2-mp-varifocal-dome-network-camera","13":"product_tag-image-sensor-1-2-7-progressive-scan-cmos","15":"first","16":"instock","17":"sale","18":"taxable","19":"shipping-taxable","20":"purchasable","21":"product-type-simple"},"_links":{"self":[{"href":"https:\/\/protectionone.com.bd\/shop\/wp-json\/wp\/v2\/product\/11414","targetHints":{"allow":["GET"]}}],"collection":[{"href":"https:\/\/protectionone.com.bd\/shop\/wp-json\/wp\/v2\/product"}],"about":[{"href":"https:\/\/protectionone.com.bd\/shop\/wp-json\/wp\/v2\/types\/product"}],"replies":[{"embeddable":true,"href":"https:\/\/protectionone.com.bd\/shop\/wp-json\/wp\/v2\/comments?post=11414"}],"version-history":[{"count":2,"href":"https:\/\/protectionone.com.bd\/shop\/wp-json\/wp\/v2\/product\/11414\/revisions"}],"predecessor-version":[{"id":13241,"href":"https:\/\/protectionone.com.bd\/shop\/wp-json\/wp\/v2\/product\/11414\/revisions\/13241"}],"wp:featuredmedia":[{"embeddable":true,"href":"https:\/\/protectionone.com.bd\/shop\/wp-json\/wp\/v2\/media\/12014"}],"wp:attachment":[{"href":"https:\/\/protectionone.com.bd\/shop\/wp-json\/wp\/v2\/media?parent=11414"}],"wp:term":[{"taxonomy":"product_brand","embeddable":true,"href":"https:\/\/protectionone.com.bd\/shop\/wp-json\/wp\/v2\/product_brand?post=11414"},{"taxonomy":"product_cat","embeddable":true,"href":"https:\/\/protectionone.com.bd\/shop\/wp-json\/wp\/v2\/product_cat?post=11414"},{"taxonomy":"product_tag","embeddable":true,"href":"https:\/\/protectionone.com.bd\/shop\/wp-json\/wp\/v2\/product_tag?post=11414"}],"curies":[{"name":"wp","href":"https:\/\/api.w.org\/{rel}","templated":true}]}}