{"id":11420,"date":"2024-01-18T16:37:28","date_gmt":"2024-01-18T10:37:28","guid":{"rendered":"https:\/\/protectionone.com.bd\/shop\/?post_type=product&#038;p=11420"},"modified":"2024-05-30T16:23:04","modified_gmt":"2024-05-30T10:23:04","slug":"ds-8616ni-k8","status":"publish","type":"product","link":"https:\/\/protectionone.com.bd\/shop\/product\/ds-8616ni-k8\/","title":{"rendered":"Hikvision DS-8616NI-K8 NVR 8 SATA Up to 8TB capacity for each disk"},"content":{"rendered":"<h3><strong>Specification<\/strong><\/h3>\n<h2>Hikvision <span style=\"color: #ff0000;\"><a style=\"color: #ff0000;\" href=\"https:\/\/protectionone.com.bd\/shop\/product\/ds-8616ni-k8\/\">DS-8616NI-K8 NVR 8 SATA<\/a><\/span> Up to 8TB capacity for each disk<\/h2>\n<h4 class=\"heading\">Video\/ Audio input<\/h4>\n<ul>\n<li class=\"row\"><label class=\"col-md-3 col-sm-3 col-xs-12\">IP video input <\/label><label class=\"col-md-9 col-sm-9 col-xs-12\">16-ch<\/label><\/li>\n<li class=\"row\"><label class=\"col-md-3 col-sm-3 col-xs-12\">Incoming bandwidth <\/label><label class=\"col-md-9 col-sm-9 col-xs-12\">256 Mbps<\/label><\/li>\n<li class=\"row\"><label class=\"col-md-3 col-sm-3 col-xs-12\">Outgoing bandwidth <\/label><label class=\"col-md-9 col-sm-9 col-xs-12\">256 Mbps<\/label><\/li>\n<\/ul>\n<h4 class=\"heading\">Video\/ Audio output<\/h4>\n<ul>\n<li class=\"row\"><label class=\"col-md-3 col-sm-3 col-xs-12\">VGA 1\/ HDMI 1 output resolution <\/label><label class=\"col-md-9 col-sm-9 col-xs-12\">HDMI 1: 4K (3840 \u00d7 2160)\/30Hz, 2K (2560 \u00d7 1440)\/60Hz, 1920 \u00d7 1080\/60Hz, 1600 \u00d7 1200\/60Hz, 1280 \u00d7 1024\/60Hz, 1280 \u00d7 720\/60Hz, 1024 \u00d7 768\/60Hz HDMI 2: 1920 \u00d7 1080\/60Hz, 1280 \u00d7 1024\/60Hz, 1280 \u00d7 720\/60Hz, 1024 \u00d7 768\/60Hz<\/label><\/li>\n<li class=\"row\"><label class=\"col-md-3 col-sm-3 col-xs-12\">VGA2\/HDMI 2 output resolution <\/label><label class=\"col-md-9 col-sm-9 col-xs-12\">VGA 1: 2K (2560 \u00d7 1440)\/60Hz, 1920 \u00d7 1080\/60Hz, 1600 \u00d7 1200\/60Hz, 1280 \u00d7 1024\/60Hz, 1280 \u00d7 720\/60Hz, 1024 \u00d7 768\/60Hz VGA2: 1920 \u00d7 1080\/60Hz, 1280 \u00d7 1024\/60Hz, 1280 \u00d7 720\/60Hz, 1024 \u00d7 768\/60Hz<\/label><\/li>\n<li class=\"row\"><label class=\"col-md-3 col-sm-3 col-xs-12\">Audio output <\/label><label class=\"col-md-9 col-sm-9 col-xs-12\">2-ch, RCA (Linear, 1 K \u03a9)<\/label><\/li>\n<\/ul>\n<h4 class=\"heading\">Decoding<\/h4>\n<ul>\n<li class=\"row\"><label class=\"col-md-3 col-sm-3 col-xs-12\">Decoding format <\/label><label class=\"col-md-9 col-sm-9 col-xs-12\">H.265\/ H.265+\/H.264\/H.264+\/MPEG4<\/label><\/li>\n<li class=\"row\"><label class=\"col-md-3 col-sm-3 col-xs-12\">Recording resolution <\/label><label class=\"col-md-9 col-sm-9 col-xs-12\">12MP \/8 MP\/6 MP\/5 MP\/4 MP\/3 MP\/1080p\/UXGA\/720p\/VGA\/4CIF\/DCIF \/2CIF \/CIF\/QCIF<\/label><\/li>\n<li class=\"row\"><label class=\"col-md-3 col-sm-3 col-xs-12\">Synchronous playback <\/label><label class=\"col-md-9 col-sm-9 col-xs-12\">16-ch<\/label><\/li>\n<li class=\"row\"><label class=\"col-md-3 col-sm-3 col-xs-12\">Capability <\/label><label class=\"col-md-9 col-sm-9 col-xs-12\">2-ch @ 8 MP (25fps) \/ 4-ch @ 4MP (30fps) \/ 16-ch @ 1080p (30fps)<\/label><\/li>\n<\/ul>\n<h4 class=\"heading\">Network management<\/h4>\n<ul>\n<li class=\"row\"><label class=\"col-md-3 col-sm-3 col-xs-12\">Network protocols <\/label><label class=\"col-md-9 col-sm-9 col-xs-12\">TCP\/IP, DHCP, HIK Cloud P2P, DNS, DDNS, NTP, SADP, SMTP, NFS, iSCSI, UPnP\u2122, HTTPS<\/label><\/li>\n<\/ul>\n<h4 class=\"heading\">Hard disk<\/h4>\n<ul>\n<li class=\"row\"><label class=\"col-md-9 col-sm-9 col-xs-12\">8 SATA interfaces<\/label><\/li>\n<li class=\"row\"><label class=\"col-md-3 col-sm-3 col-xs-12\">eSATA<\/label><label class=\"col-md-9 col-sm-9 col-xs-12\">1 eSATA interface<\/label><\/li>\n<li class=\"row\"><label class=\"col-md-3 col-sm-3 col-xs-12\">Capacity <\/label><label class=\"col-md-9 col-sm-9 col-xs-12\">Up to 8TB capacity for each HDD<\/label><\/li>\n<\/ul>\n<h4 class=\"heading\">External interface<\/h4>\n<ul>\n<li class=\"row\"><label class=\"col-md-3 col-sm-3 col-xs-12\">Two-way audio <\/label><label class=\"col-md-9 col-sm-9 col-xs-12\">1-ch, RCA (2.0 Vp-p, 1 k\u03a9)<\/label><\/li>\n<li class=\"row\"><label class=\"col-md-3 col-sm-3 col-xs-12\">Network interface<\/label><label class=\"col-md-9 col-sm-9 col-xs-12\">2 RJ-45 10\/100\/1000 Mbps self-adaptive Ethernet interfaces<\/label><\/li>\n<li class=\"row\"><label class=\"col-md-3 col-sm-3 col-xs-12\">Serial interface <\/label><label class=\"col-md-9 col-sm-9 col-xs-12\">RS-232; RS-485; Keyboard<\/label><\/li>\n<li class=\"row\"><label class=\"col-md-3 col-sm-3 col-xs-12\">USB interface <\/label><label class=\"col-md-9 col-sm-9 col-xs-12\">Front panel: 2 \u00d7 USB 2.0; Rear panel: 1 \u00d7 USB 3.0<\/label><\/li>\n<li class=\"row\"><label class=\"col-md-3 col-sm-3 col-xs-12\">Alarm in\/out <\/label><label class=\"col-md-9 col-sm-9 col-xs-12\">16\/4<\/label><\/li>\n<\/ul>\n<h4 class=\"heading\">General<\/h4>\n<ul>\n<li class=\"row\"><label class=\"col-md-3 col-sm-3 col-xs-12\">Power supply <\/label><label class=\"col-md-9 col-sm-9 col-xs-12\">100 to 240 VAC, 50 to 60 Hz<\/label><\/li>\n<li class=\"row\"><label class=\"col-md-3 col-sm-3 col-xs-12\">Max. Power <\/label><label class=\"col-md-9 col-sm-9 col-xs-12\">200 W<\/label><\/li>\n<li class=\"row\"><label class=\"col-md-3 col-sm-3 col-xs-12\">Consumption (without hard disk)<\/label><label class=\"col-md-9 col-sm-9 col-xs-12\">\u2264 30 W<\/label><\/li>\n<li class=\"row\"><label class=\"col-md-3 col-sm-3 col-xs-12\">Working temperature <\/label><label class=\"col-md-9 col-sm-9 col-xs-12\">-10 to +55\u00b0 C (14 to 131\u00b0 F)<\/label><\/li>\n<li class=\"row\"><label class=\"col-md-3 col-sm-3 col-xs-12\">Working humidity <\/label><label class=\"col-md-9 col-sm-9 col-xs-12\">10 to 90 %<\/label><\/li>\n<li class=\"row\"><label class=\"col-md-3 col-sm-3 col-xs-12\">Chassis <\/label><label class=\"col-md-9 col-sm-9 col-xs-12\">19-inch rack-mounted 2U chassis<\/label><\/li>\n<li class=\"row\"><label class=\"col-md-3 col-sm-3 col-xs-12\">Dimensions (W \u00d7 D \u00d7 H)<\/label><label class=\"col-md-9 col-sm-9 col-xs-12\">445 \u00d7 470 \u00d7 90 mm (17.5&#8243; \u00d7 18.5&#8243; \u00d7 3.5&#8243;)<\/label><\/li>\n<li class=\"row\"><label class=\"col-md-3 col-sm-3 col-xs-12\">Weight (without hard disk)<\/label><label class=\"col-md-9 col-sm-9 col-xs-12\">\u2264 8 kg (17.6 lb)<\/label><\/li>\n<\/ul>\n<h2>Hikvision NVR 16 Channel 8 SATA Supported HDD<\/h2>\n<p>The Hikvision 16 Channel NVR features support for 8 SATA interfaces up to 64 TB supported, allowing for extensive storage options with up to 8 SATA-supported hard drives. This capability enables high-capacity storage solutions, accommodating the needs of large-scale surveillance systems. With its 16-channel capacity, it offers comprehensive coverage for monitoring various areas simultaneously, making it an ideal choice for robust security setups.<\/p>\n<h2>Hikvision DS-8616NI-K8 NVR 8 SATA Up to 8TB capacity for each disk <a href=\"https:\/\/www.hikvision.com\/ph\/products\/IP-Products\/Network-Video-Recorders\/Ultra-Series\/DS-8616NI-K8\/\" target=\"_blank\" rel=\"noopener\"><span style=\"color: #ff0000;\">Datasheet Download<\/span><\/a><\/h2>\n","protected":false},"excerpt":{"rendered":"<ul>\n<li>Model: DS-8616NI-K8<\/li>\n<li>8 SATA interfaces (up to 8 TB capacity for each HDD)<\/li>\n<li>H.265+\/H.265\/H.264+\/H.264 video formats<\/li>\n<li>Up to 8\/16\/32-ch IP camera inputs<\/li>\n<li>Up to 8-ch@1080p decoding capacity<\/li>\n<li>Up to 80\/160\/256 Mbps incoming bandwidth<\/li>\n<\/ul>\n","protected":false},"featured_media":12021,"comment_status":"open","ping_status":"closed","template":"","meta":[],"product_brand":[],"product_cat":[291,138],"product_tag":[629,628,598,630,631,597],"class_list":{"0":"post-11420","1":"product","2":"type-product","3":"status-publish","4":"has-post-thumbnail","6":"product_cat-hikvision-nvr","7":"product_cat-nvr","8":"product_tag-16-channel-nvr","9":"product_tag-8-sata-interfaces","10":"product_tag-ds-8616ni-k8","11":"product_tag-h-265-video-formats","12":"product_tag-hikvision-ds-8616ni-k8-nvr-8-sata-up-to-8tb-capacity-for-each-disk","13":"product_tag-up-to-8tb-for-each-hdd","15":"first","16":"instock","17":"taxable","18":"shipping-taxable","19":"purchasable","20":"product-type-simple"},"_links":{"self":[{"href":"https:\/\/protectionone.com.bd\/shop\/wp-json\/wp\/v2\/product\/11420","targetHints":{"allow":["GET"]}}],"collection":[{"href":"https:\/\/protectionone.com.bd\/shop\/wp-json\/wp\/v2\/product"}],"about":[{"href":"https:\/\/protectionone.com.bd\/shop\/wp-json\/wp\/v2\/types\/product"}],"replies":[{"embeddable":true,"href":"https:\/\/protectionone.com.bd\/shop\/wp-json\/wp\/v2\/comments?post=11420"}],"version-history":[{"count":0,"href":"https:\/\/protectionone.com.bd\/shop\/wp-json\/wp\/v2\/product\/11420\/revisions"}],"wp:featuredmedia":[{"embeddable":true,"href":"https:\/\/protectionone.com.bd\/shop\/wp-json\/wp\/v2\/media\/12021"}],"wp:attachment":[{"href":"https:\/\/protectionone.com.bd\/shop\/wp-json\/wp\/v2\/media?parent=11420"}],"wp:term":[{"taxonomy":"product_brand","embeddable":true,"href":"https:\/\/protectionone.com.bd\/shop\/wp-json\/wp\/v2\/product_brand?post=11420"},{"taxonomy":"product_cat","embeddable":true,"href":"https:\/\/protectionone.com.bd\/shop\/wp-json\/wp\/v2\/product_cat?post=11420"},{"taxonomy":"product_tag","embeddable":true,"href":"https:\/\/protectionone.com.bd\/shop\/wp-json\/wp\/v2\/product_tag?post=11420"}],"curies":[{"name":"wp","href":"https:\/\/api.w.org\/{rel}","templated":true}]}}