{"id":13199,"date":"2025-09-23T12:24:42","date_gmt":"2025-09-23T06:24:42","guid":{"rendered":"https:\/\/protectionone.com.bd\/shop\/?post_type=product&#038;p=13199"},"modified":"2025-09-23T12:29:02","modified_gmt":"2025-09-23T06:29:02","slug":"senseface-7a-ai-face-recognition-device","status":"publish","type":"product","link":"https:\/\/protectionone.com.bd\/shop\/product\/senseface-7a-ai-face-recognition-device\/","title":{"rendered":"SenseFace 7A \u2013 AI-Based Face Recognition &#038; Access Control Device | ZKTeco"},"content":{"rendered":"<h1>SenseFace 7A \/ 7B Series<\/h1>\n<p class=\"lead\">Product specification \u2014 SenseFace 7A, SenseFace 7B and their Big Capacity versions. Copy or save this HTML for distribution.<\/p>\n<h2>Models<\/h2>\n<ul>\n<li>SenseFace 7A<\/li>\n<li>SenseFace 7B<\/li>\n<li>SenseFace 7A (Big Capacity Version)<\/li>\n<li>SenseFace 7B (Big Capacity Version)<\/li>\n<\/ul>\n<h2>Display<\/h2>\n<p>7&#8243; TFT Color Touch LED Screen (600 \u00d7 1024)<\/p>\n<h2>Camera<\/h2>\n<p>WDR Binocular Camera \u2014 1 MP<\/p>\n<h2>Operating System<\/h2>\n<p>Linux<\/p>\n<h2>Hardware<\/h2>\n<table>\n<tbody>\n<tr>\n<th>Component<\/th>\n<th>Specification<\/th>\n<\/tr>\n<tr>\n<td>CPU<\/td>\n<td>Dual Core @ 1 GHz<\/td>\n<\/tr>\n<tr>\n<td>RAM<\/td>\n<td>512 MB<\/td>\n<\/tr>\n<tr>\n<td>ROM<\/td>\n<td>8 GB<\/td>\n<\/tr>\n<tr>\n<td>Speaker<\/td>\n<td>8 \u03a9 @ 1 W<\/td>\n<\/tr>\n<tr>\n<td>Microphone<\/td>\n<td>1 \u00d7 Omni-directional (Sensitivity: -32 dB; SNR: -32 dB; Impedance: 2.2 k\u03a9)<\/td>\n<\/tr>\n<tr>\n<td>Supplement Light<\/td>\n<td>None<\/td>\n<\/tr>\n<tr>\n<td>Fingerprint Sensor<\/td>\n<td>In-Glass Fingerprint (Z-ID) \u2014 (SenseFace 7A and 7A Big Capacity)<\/td>\n<\/tr>\n<\/tbody>\n<\/table>\n<h2>Authentication Methods<\/h2>\n<table>\n<tbody>\n<tr>\n<th>Model<\/th>\n<th>Methods<\/th>\n<\/tr>\n<tr>\n<td>SenseFace 7A<\/td>\n<td>Fingerprint \/ Face \/ Card \/ Password (Virtual Keypad)<\/td>\n<\/tr>\n<tr>\n<td>SenseFace 7B<\/td>\n<td>Face \/ Card \/ Password (Virtual Keypad)<\/td>\n<\/tr>\n<tr>\n<td>SenseFace 7A (Big Capacity)<\/td>\n<td>Fingerprint \/ Face \/ Card \/ Password (Virtual Keypad)<\/td>\n<\/tr>\n<tr>\n<td>SenseFace 7B (Big Capacity)<\/td>\n<td>Face \/ Card \/ Password (Virtual Keypad)<\/td>\n<\/tr>\n<\/tbody>\n<\/table>\n<h2>Capacities<\/h2>\n<table>\n<tbody>\n<tr>\n<th>Feature<\/th>\n<th>7A<\/th>\n<th>7B<\/th>\n<th>7A (Big)<\/th>\n<th>7B (Big)<\/th>\n<\/tr>\n<tr>\n<td>Fingerprint Templates (1:N)<\/td>\n<td>10,000<\/td>\n<td>\u2014<\/td>\n<td>50,000<\/td>\n<td>\u2014<\/td>\n<\/tr>\n<tr>\n<td>Face Templates (1:N)<\/td>\n<td>10,000<\/td>\n<td>10,000<\/td>\n<td>50,000<\/td>\n<td>50,000<\/td>\n<\/tr>\n<tr>\n<td>Card Capacity (1:N)<\/td>\n<td>50,000<\/td>\n<td>50,000<\/td>\n<td>50,000<\/td>\n<td>50,000<\/td>\n<\/tr>\n<tr>\n<td>User Capacity (1:N)<\/td>\n<td>50,000<\/td>\n<td>50,000<\/td>\n<td>50,000<\/td>\n<td>50,000<\/td>\n<\/tr>\n<tr>\n<td>Transaction Capacity<\/td>\n<td colspan=\"4\">300,000<\/td>\n<\/tr>\n<\/tbody>\n<\/table>\n<h2>Password<\/h2>\n<p>Maximum Length: 8 digits<\/p>\n<h2>Biometric Performance<\/h2>\n<table>\n<tbody>\n<tr>\n<th>Model<\/th>\n<th>Fingerprint<\/th>\n<th>Face<\/th>\n<\/tr>\n<tr>\n<td>7A \/ 7A (Big)<\/td>\n<td>&lt; 0.5 sec<\/td>\n<td>&lt; 0.35 sec<\/td>\n<\/tr>\n<tr>\n<td>7B \/ 7B (Big)<\/td>\n<td>\u2014<\/td>\n<td>&lt; 0.35 sec<\/td>\n<\/tr>\n<\/tbody>\n<\/table>\n<h2>Recognition Distance<\/h2>\n<p>30 cm to 200 cm (Facial Authentication)<\/p>\n<h2>Accuracy<\/h2>\n<table>\n<tbody>\n<tr>\n<th>Metric<\/th>\n<th>Value<\/th>\n<\/tr>\n<tr>\n<td>False Acceptance Rate (FAR) \u2014 Face<\/td>\n<td>\u2264 0.01%<\/td>\n<\/tr>\n<tr>\n<td>False Acceptance Rate (FAR) \u2014 Fingerprint<\/td>\n<td>\u2264 0.0001% (7A \/ 7A Big only)<\/td>\n<\/tr>\n<tr>\n<td>False Rejection Rate (FRR) \u2014 Face<\/td>\n<td>\u2264 0.02%<\/td>\n<\/tr>\n<tr>\n<td>False Rejection Rate (FRR) \u2014 Fingerprint<\/td>\n<td>\u2264 0.01% (7A \/ 7A Big only)<\/td>\n<\/tr>\n<\/tbody>\n<\/table>\n<h2>Biometric Algorithm<\/h2>\n<ul>\n<li>SenseFace 7A: ZKFace V4.0, ZKFingerprint V13.0 (Standard) \/ V10.0 (Optional)<\/li>\n<li>SenseFace 7B: ZKFace V4.0<\/li>\n<li>SenseFace 7A (Big): ZKFace V3.7, ZKFingerprint V13.0 (Standard) \/ V10.0 (Optional)<\/li>\n<li>SenseFace 7B (Big): ZKFace V3.7<\/li>\n<\/ul>\n<h2>Card Types<\/h2>\n<p>ID Card @ 125 kHz (Standard) \u2014 IC Card @ 13.56 MHz (Optional)<\/p>\n<h2>Communication &amp; Interfaces<\/h2>\n<table>\n<tbody>\n<tr>\n<th>Interface<\/th>\n<th>Details<\/th>\n<\/tr>\n<tr>\n<td>Network<\/td>\n<td>TCP\/IP \u00d71; Wi\u2011Fi (IEEE802.11b\/g\/n\/ax) @ 2.4 GHz (Optional)<\/td>\n<\/tr>\n<tr>\n<td>Wiegand<\/td>\n<td>Input \/ Output \u00d71<\/td>\n<\/tr>\n<tr>\n<td>RS485<\/td>\n<td>ZKTeco RS485 \u00d71<\/td>\n<\/tr>\n<tr>\n<td>USB<\/td>\n<td>Type-A (USB Drive Only) \u00d71<\/td>\n<\/tr>\n<tr>\n<td>Aux \/ I\/O<\/td>\n<td>Aux Input \u00d71; Electric Lock \u00d71; Door Sensor \u00d71; Exit Button \u00d71; 12V Output \u00d71<\/td>\n<\/tr>\n<\/tbody>\n<\/table>\n<h2>Standard Functions<\/h2>\n<p class=\"spec-note\">ADMS, DST, Photo Capture, Event Photo Capture, Up to 14\u2011digit User ID, Access Levels, Groups, Holidays, Anti\u2011Passback, Record Query, Schedule Bell, Tamper Switch Alarm, Automatic Status Switch, Multiple Authentication Methods, SIP Client (v2.0), ONVIF (Profiles S, T, G, C, Q, A), AC Push &amp; TA Push Protocol Switch, HTTPS \/ SSH backend access, T9 keyboard input.<\/p>\n<h2>Optional Functions<\/h2>\n<p>IC Card, Wi\u2011Fi, Wireless Doorbell<\/p>\n<h2>Access Control Interface<\/h2>\n<p>RS485 (RS485 Card Reader \/ Biometric Reader)<\/p>\n<h2>Video Intercom<\/h2>\n<p><strong>ZKTeco Private Protocol (via TCP\/IP)<\/strong><br \/>\nStandalone Terminal: SenseFace series<br \/>\nIndoor Monitor: VT07\u2011B01, VT07\u2011B01\u2011W<\/p>\n<p><strong>Standard SIP Protocol<\/strong><br \/>\nStandalone Terminal: SenseFace series<br \/>\nIndoor Monitor: VT07\u2011B22L, VT07\u2011B26L\u2011W<br \/>\nSoftware: ZKBio CVSecurity, BioTalk Pro<br \/>\nMobile App: ZKBio Zlink, ZKBio Zexus<\/p>\n<h2>Physical &amp; Environmental<\/h2>\n<table>\n<tbody>\n<tr>\n<th>Attribute<\/th>\n<th>Value<\/th>\n<\/tr>\n<tr>\n<td>Net Weight<\/td>\n<td>0.622 kg<\/td>\n<\/tr>\n<tr>\n<td>Power Supply<\/td>\n<td>DC 12 V, 3 A (Optional)<\/td>\n<\/tr>\n<tr>\n<td>Operating Temperature<\/td>\n<td>-5 \u00b0C to 45 \u00b0C<\/td>\n<\/tr>\n<tr>\n<td>Operating Humidity<\/td>\n<td>10% to 90% RH (Non\u2011condensing)<\/td>\n<\/tr>\n<tr>\n<td>Dimensions (L \u00d7 W \u00d7 H)<\/td>\n<td>7A \/ 7A (Big): 238 \u00d7 115 \u00d7 22.3 mm<br \/>\n7B \/ 7B (Big): 214 \u00d7 115 \u00d7 22.3 mm<\/td>\n<\/tr>\n<tr>\n<td>Ingress Protection<\/td>\n<td>IP65 (Waterproof &amp; Dustproof)<\/td>\n<\/tr>\n<\/tbody>\n<\/table>\n<h2>Certifications<\/h2>\n<p>ISO 14001, ISO 9001, CE, FCC, RoHS<\/p>\n<h2>Software Support<\/h2>\n<p>On\u2011Premise: ZKBio CVSecurity (AC Push), ZKBio Time (TA Push)<br \/>\nCloud: ZKBio Zlink (Web Portal &amp; Mobile App)<\/p>\n<h2>Installation<\/h2>\n<p>Wall\u2011mount \u2014 Compatible with Asian gang\u2011box \/ single gang\u2011box<\/p>\n<h2>Output Contact: 2<\/h2>\n<p>Warranty: 365Days<\/p>\n","protected":false},"excerpt":{"rendered":"<ul>\n<li><strong>Display:<\/strong> 7-inch TFT touch\u2010LED screen<\/li>\n<li><strong>Camera:<\/strong> 1-megapixel binocular (WDR) camera.<\/li>\n<li><strong>Fingerprint Sensor:<\/strong> In-glass fingerprint sensor<\/li>\n<li><strong>Authentication Methods:<\/strong> Face, fingerprint, card, and password<\/li>\n<\/ul>\n","protected":false},"featured_media":13203,"comment_status":"open","ping_status":"closed","template":"","meta":[],"product_brand":[1320],"product_cat":[139,162],"product_tag":[1323,1324,1325,1321,1322],"class_list":{"0":"post-13199","1":"product","2":"type-product","3":"status-publish","4":"has-post-thumbnail","6":"product_brand-zkteco","7":"product_cat-access-control-system","8":"product_cat-zkteco-access-control","9":"product_tag-ai-face-recognition-device","10":"product_tag-biometric-access-control-system","11":"product_tag-fingerprint-and-face-recognition-terminal","12":"product_tag-senseface-7a","13":"product_tag-zkteco-senseface-7a","15":"first","16":"instock","17":"sale","18":"taxable","19":"shipping-taxable","20":"purchasable","21":"product-type-simple"},"_links":{"self":[{"href":"https:\/\/protectionone.com.bd\/shop\/wp-json\/wp\/v2\/product\/13199","targetHints":{"allow":["GET"]}}],"collection":[{"href":"https:\/\/protectionone.com.bd\/shop\/wp-json\/wp\/v2\/product"}],"about":[{"href":"https:\/\/protectionone.com.bd\/shop\/wp-json\/wp\/v2\/types\/product"}],"replies":[{"embeddable":true,"href":"https:\/\/protectionone.com.bd\/shop\/wp-json\/wp\/v2\/comments?post=13199"}],"version-history":[{"count":3,"href":"https:\/\/protectionone.com.bd\/shop\/wp-json\/wp\/v2\/product\/13199\/revisions"}],"predecessor-version":[{"id":13205,"href":"https:\/\/protectionone.com.bd\/shop\/wp-json\/wp\/v2\/product\/13199\/revisions\/13205"}],"wp:featuredmedia":[{"embeddable":true,"href":"https:\/\/protectionone.com.bd\/shop\/wp-json\/wp\/v2\/media\/13203"}],"wp:attachment":[{"href":"https:\/\/protectionone.com.bd\/shop\/wp-json\/wp\/v2\/media?parent=13199"}],"wp:term":[{"taxonomy":"product_brand","embeddable":true,"href":"https:\/\/protectionone.com.bd\/shop\/wp-json\/wp\/v2\/product_brand?post=13199"},{"taxonomy":"product_cat","embeddable":true,"href":"https:\/\/protectionone.com.bd\/shop\/wp-json\/wp\/v2\/product_cat?post=13199"},{"taxonomy":"product_tag","embeddable":true,"href":"https:\/\/protectionone.com.bd\/shop\/wp-json\/wp\/v2\/product_tag?post=13199"}],"curies":[{"name":"wp","href":"https:\/\/api.w.org\/{rel}","templated":true}]}}